{"id":3328072,"date":"2025-01-22T13:27:50","date_gmt":"2025-01-22T12:27:50","guid":{"rendered":"https:\/\/formex.se\/for-visitors\/inspiration\/strong-partnerships\/"},"modified":"2026-02-17T16:07:24","modified_gmt":"2026-02-17T15:07:24","slug":"strong-partnerships","status":"publish","type":"page","link":"https:\/\/formex.se\/en\/for-visitors\/inspiration\/strong-partnerships\/","title":{"rendered":"Strong partnerships"},"content":{"rendered":"<p>[et_pb_section fb_built=&#8221;1&#8243; _builder_version=&#8221;4.27.4&#8243; _module_preset=&#8221;dcffbe7c-d829-4b92-9e28-730b66b1c6df&#8221; background_enable_color=&#8221;off&#8221; use_background_color_gradient=&#8221;on&#8221; background_color_gradient_stops=&#8221;rgba(0,0,0,0) 30%|rgba(0,0,0,0.9) 100%&#8221; background_color_gradient_overlays_image=&#8221;on&#8221; background_image=&#8221;https:\/\/formex.se\/wp-content\/uploads\/2025\/01\/monchique-1920&#215;700-1.png&#8221; global_colors_info=&#8221;{}&#8221; custom_days_label_text=&#8221;Dagar&#8221; custom_hours_label_text=&#8221;Timmar&#8221; custom_minutes_label_text=&#8221;Minuter&#8221; custom_seconds_label_text=&#8221;Sekunder&#8221;][et_pb_row _builder_version=&#8221;4.24.2&#8243; _module_preset=&#8221;b47dc7b0-0c21-48f4-9be5-365125495c37&#8243; locked=&#8221;off&#8221; global_colors_info=&#8221;{}&#8221; custom_days_label_text=&#8221;Dagar&#8221; custom_hours_label_text=&#8221;Timmar&#8221; custom_minutes_label_text=&#8221;Minuter&#8221; custom_seconds_label_text=&#8221;Sekunder&#8221;][et_pb_column type=&#8221;4_4&#8243; _builder_version=&#8221;4.24.0&#8243; _module_preset=&#8221;default&#8221; global_colors_info=&#8221;{}&#8221; custom_days_label_text=&#8221;Dagar&#8221; custom_hours_label_text=&#8221;Timmar&#8221; custom_minutes_label_text=&#8221;Minuter&#8221; custom_seconds_label_text=&#8221;Sekunder&#8221;][et_pb_cta title=&#8221;Strong partnerships in January 2025&#8243; button_url=&#8221;#&#8221; _builder_version=&#8221;4.27.4&#8243; _module_preset=&#8221;0d7ddc9b-5fad-41ce-bbc3-1fa8c8b01c36&#8243; global_colors_info=&#8221;{%22gcid-m0fraqv3-qztm-9290-df11-7p07yu2mtcg6%22:%91%22header_text_color%22,%22button_bg_color%22,%22button_border_color%22,%22button_text_color%22,%22header_text_color%22,%22button_bg_color%22,%22button_border_color%22,%22button_text_color%22,%22header_text_color%22,%22button_bg_color%22,%22button_border_color%22,%22button_text_color%22,%22header_text_color%22,%22button_bg_color%22,%22button_border_color%22,%22button_text_color%22,%22header_text_color%22,%22button_bg_color%22,%22button_text_color%22,%22header_text_color%22,%22button_bg_color%22,%22button_text_color%22,%22header_text_color%22,%22button_bg_color%22,%22button_text_color%22,%22header_text_color%22,%22button_bg_color%22,%22button_text_color%22,%22header_text_color%22,%22button_bg_color%22,%22button_text_color%22,%22header_text_color%22,%22button_bg_color%22,%22button_text_color%22,%22button_bg_color%22,%22button_text_color%22%93,%22gcid-8ctl9olw-qzl0-39sh-h9m4-2r68cuzkve1q%22:%91%22button_bg_color%22,%22button_border_color%22,%22button_bg_color%22,%22button_border_color%22,%22button_bg_color%22,%22button_border_color%22,%22button_bg_color%22,%22button_border_color%22%93,%22gcid-zqmeyyr1-ozjs-tdol-t9th-kdmdqxufunhr%22:%91%22button_border_color%22,%22button_bg_color%22,%22button_border_color%22,%22button_bg_color%22,%22button_border_color%22,%22button_bg_color%22,%22button_border_color%22,%22button_bg_color%22,%22button_bg_color%22%93,%22gcid-xe7ua1bg-8o1q-uq3m-f8ql-qk12tgltkuk4%22:%91%22button_border_color__hover%22,%22button_bg_color__hover%22%93}&#8221; custom_days_label_text=&#8221;Dagar&#8221; custom_hours_label_text=&#8221;Timmar&#8221; custom_minutes_label_text=&#8221;Minuter&#8221; custom_seconds_label_text=&#8221;Sekunder&#8221;][\/et_pb_cta][\/et_pb_column][\/et_pb_row][\/et_pb_section][et_pb_section fb_built=&#8221;1&#8243; admin_label=&#8221;Text 50\/50&#8243; _builder_version=&#8221;4.27.5&#8243; _module_preset=&#8221;34b06a86-dc81-4983-919e-0fd7f286eb1b&#8221; background_color=&#8221;gcid-a3erxn23-1iiw-0agb-jqe6-2nn32idnbpa4&#8243; custom_padding=&#8221;50px||50px||true|false&#8221; hover_enabled=&#8221;0&#8243; global_colors_info=&#8221;{%22gcid-a3erxn23-1iiw-0agb-jqe6-2nn32idnbpa4%22:%91%22background_color%22%93}&#8221; custom_days_label_text=&#8221;Dagar&#8221; custom_hours_label_text=&#8221;Timmar&#8221; custom_minutes_label_text=&#8221;Minuter&#8221; custom_seconds_label_text=&#8221;Sekunder&#8221; sticky_enabled=&#8221;0&#8243;][et_pb_row custom_padding_last_edited=&#8221;on|phone&#8221; _builder_version=&#8221;4.24.2&#8243; _module_preset=&#8221;default&#8221; custom_margin=&#8221;||||false|false&#8221; custom_padding_tablet=&#8221;20px||||false|false&#8221; custom_padding_phone=&#8221;20px||||false|false&#8221; locked=&#8221;off&#8221; global_colors_info=&#8221;{}&#8221; custom_days_label_text=&#8221;Dagar&#8221; custom_hours_label_text=&#8221;Timmar&#8221; custom_minutes_label_text=&#8221;Minuter&#8221; custom_seconds_label_text=&#8221;Sekunder&#8221;][et_pb_column type=&#8221;4_4&#8243; _builder_version=&#8221;4.23.4&#8243; _module_preset=&#8221;default&#8221; global_colors_info=&#8221;{}&#8221; custom_days_label_text=&#8221;Dagar&#8221; custom_hours_label_text=&#8221;Timmar&#8221; custom_minutes_label_text=&#8221;Minuter&#8221; custom_seconds_label_text=&#8221;Sekunder&#8221;][et_pb_text _builder_version=&#8221;4.24.3&#8243; _module_preset=&#8221;91303309-ab2a-47f7-86a2-bf644d336a61&#8243; global_colors_info=&#8221;{}&#8221; custom_days_label_text=&#8221;Dagar&#8221; custom_hours_label_text=&#8221;Timmar&#8221; custom_minutes_label_text=&#8221;Minuter&#8221; custom_seconds_label_text=&#8221;Sekunder&#8221;]<\/p>\n<h2>Strong new partnerships \u2013 four good examples<\/h2>\n<p>&nbsp;<\/p>\n<p>[\/et_pb_text][et_pb_divider _builder_version=&#8221;4.24.2&#8243; _module_preset=&#8221;default&#8221; global_colors_info=&#8221;{}&#8221; custom_days_label_text=&#8221;Dagar&#8221; custom_hours_label_text=&#8221;Timmar&#8221; custom_minutes_label_text=&#8221;Minuter&#8221; custom_seconds_label_text=&#8221;Sekunder&#8221;][\/et_pb_divider][\/et_pb_column][\/et_pb_row][et_pb_row column_structure=&#8221;1_2,1_2&#8243; gutter_width=&#8221;3&#8243; custom_padding_last_edited=&#8221;on|tablet&#8221; module_class=&#8221;text-text-row&#8221; _builder_version=&#8221;4.24.2&#8243; _module_preset=&#8221;default&#8221; custom_padding=&#8221;0px||2px||false|false&#8221; custom_padding_tablet=&#8221;||0px||false|false&#8221; custom_padding_phone=&#8221;||0px||false|false&#8221; locked=&#8221;off&#8221; global_colors_info=&#8221;{}&#8221; custom_days_label_text=&#8221;Dagar&#8221; custom_hours_label_text=&#8221;Timmar&#8221; custom_minutes_label_text=&#8221;Minuter&#8221; custom_seconds_label_text=&#8221;Sekunder&#8221;][et_pb_column type=&#8221;1_2&#8243; _builder_version=&#8221;4.24.2&#8243; _module_preset=&#8221;default&#8221; global_colors_info=&#8221;{}&#8221; custom_days_label_text=&#8221;Dagar&#8221; custom_hours_label_text=&#8221;Timmar&#8221; custom_minutes_label_text=&#8221;Minuter&#8221; custom_seconds_label_text=&#8221;Sekunder&#8221;][et_pb_text _builder_version=&#8221;4.27.4&#8243; _module_preset=&#8221;default&#8221; locked=&#8221;off&#8221; global_colors_info=&#8221;{}&#8221; custom_days_label_text=&#8221;Dagar&#8221; custom_hours_label_text=&#8221;Timmar&#8221; custom_minutes_label_text=&#8221;Minuter&#8221; custom_seconds_label_text=&#8221;Sekunder&#8221;]<\/p>\n<p>Finding innovative, creative and profitable collaborations is something that we at Formex are constantly working on. Below you can take a look at some strong collaborations on the show floor in January 2025. <\/p>\n<p>[\/et_pb_text][\/et_pb_column][et_pb_column type=&#8221;1_2&#8243; _builder_version=&#8221;4.24.0&#8243; _module_preset=&#8221;default&#8221; global_colors_info=&#8221;{}&#8221; custom_days_label_text=&#8221;Dagar&#8221; custom_hours_label_text=&#8221;Timmar&#8221; custom_minutes_label_text=&#8221;Minuter&#8221; custom_seconds_label_text=&#8221;Sekunder&#8221;][\/et_pb_column][\/et_pb_row][\/et_pb_section][et_pb_section fb_built=&#8221;1&#8243; admin_label=&#8221;Bild 1\/2 + Text 1\/2&#8243; _builder_version=&#8221;4.27.5&#8243; _module_preset=&#8221;90f7fcc8-011e-4540-8598-a12e53a29ab5&#8243; background_color=&#8221;RGBA(221,216,209,0.6)&#8221; custom_padding=&#8221;50px||2px||false|false&#8221; hover_enabled=&#8221;0&#8243; locked=&#8221;off&#8221; global_colors_info=&#8221;{%22gcid-zqmeyyr1-ozjs-tdol-t9th-kdmdqxufunhr%22:%91%22border_color_right%22,%22border_color_right%22,%22border_color_right%22,%22border_color_right%22%93}&#8221; custom_days_label_text=&#8221;Dagar&#8221; custom_hours_label_text=&#8221;Timmar&#8221; custom_minutes_label_text=&#8221;Minuter&#8221; custom_seconds_label_text=&#8221;Sekunder&#8221; sticky_enabled=&#8221;0&#8243;][et_pb_row column_structure=&#8221;1_2,1_2&#8243; gutter_width=&#8221;3&#8243; make_equal=&#8221;on&#8221; module_class=&#8221;image-text&#8221; _builder_version=&#8221;4.24.2&#8243; _module_preset=&#8221;default&#8221; custom_days_label_text=&#8221;Dagar&#8221; custom_hours_label_text=&#8221;Timmar&#8221; custom_minutes_label_text=&#8221;Minuter&#8221; custom_seconds_label_text=&#8221;Sekunder&#8221;][et_pb_column type=&#8221;1_2&#8243; _builder_version=&#8221;4.23.4&#8243; _module_preset=&#8221;default&#8221; global_colors_info=&#8221;{}&#8221; custom_days_label_text=&#8221;Dagar&#8221; custom_hours_label_text=&#8221;Timmar&#8221; custom_minutes_label_text=&#8221;Minuter&#8221; custom_seconds_label_text=&#8221;Sekunder&#8221;][et_pb_image src=&#8221;https:\/\/formex.se\/wp-content\/uploads\/2025\/01\/monchique-1_1080x540.png&#8221; title_text=&#8221;monchique-1_1080x540&#8243; _builder_version=&#8221;4.27.4&#8243; _module_preset=&#8221;default&#8221; global_colors_info=&#8221;{}&#8221; custom_days_label_text=&#8221;Dagar&#8221; custom_hours_label_text=&#8221;Timmar&#8221; custom_minutes_label_text=&#8221;Minuter&#8221; custom_seconds_label_text=&#8221;Sekunder&#8221;][\/et_pb_image][\/et_pb_column][et_pb_column type=&#8221;1_2&#8243; _builder_version=&#8221;4.23.4&#8243; _module_preset=&#8221;default&#8221; global_colors_info=&#8221;{}&#8221; custom_days_label_text=&#8221;Dagar&#8221; custom_hours_label_text=&#8221;Timmar&#8221; custom_minutes_label_text=&#8221;Minuter&#8221; custom_seconds_label_text=&#8221;Sekunder&#8221;][et_pb_text _builder_version=&#8221;4.27.4&#8243; _module_preset=&#8221;default&#8221; global_colors_info=&#8221;{}&#8221; custom_days_label_text=&#8221;Dagar&#8221; custom_hours_label_text=&#8221;Timmar&#8221; custom_minutes_label_text=&#8221;Minuter&#8221; custom_seconds_label_text=&#8221;Sekunder&#8221;]<\/p>\n<h3>Monchique x Maxjenny<\/h3>\n<p>Monchiqe was there with its elegant parasols and accessories, spreading a glamorous flair of the Riviera and celebrating parties and sunny moments. This in collaboration with fashion designer Maxjenny known for her bold and strong prints that both royalty and international artists love to be seen in. <\/p>\n<p>Together they created a lounge area and a spectacular table setting in an environment that spread joyful vibes.<\/p>\n<p>[\/et_pb_text][\/et_pb_column][\/et_pb_row][\/et_pb_section][et_pb_section fb_built=&#8221;1&#8243; admin_label=&#8221;Bild 1\/2 + Text 1\/2&#8243; _builder_version=&#8221;4.27.5&#8243; _module_preset=&#8221;90f7fcc8-011e-4540-8598-a12e53a29ab5&#8243; background_color=&#8221;RGBA(221,216,209,0.6)&#8221; custom_padding=&#8221;0px||50px||false|false&#8221; hover_enabled=&#8221;0&#8243; locked=&#8221;off&#8221; global_colors_info=&#8221;{%22gcid-zqmeyyr1-ozjs-tdol-t9th-kdmdqxufunhr%22:%91%22border_color_right%22,%22border_color_right%22,%22border_color_right%22,%22border_color_right%22%93}&#8221; custom_days_label_text=&#8221;Dagar&#8221; custom_hours_label_text=&#8221;Timmar&#8221; custom_minutes_label_text=&#8221;Minuter&#8221; custom_seconds_label_text=&#8221;Sekunder&#8221; sticky_enabled=&#8221;0&#8243;][et_pb_row column_structure=&#8221;1_2,1_2&#8243; gutter_width=&#8221;3&#8243; make_equal=&#8221;on&#8221; module_class=&#8221;image-text&#8221; _builder_version=&#8221;4.27.4&#8243; _module_preset=&#8221;default&#8221; custom_days_label_text=&#8221;Dagar&#8221; custom_hours_label_text=&#8221;Timmar&#8221; custom_minutes_label_text=&#8221;Minuter&#8221; custom_seconds_label_text=&#8221;Sekunder&#8221;][et_pb_column type=&#8221;1_2&#8243; _builder_version=&#8221;4.27.4&#8243; _module_preset=&#8221;default&#8221; global_colors_info=&#8221;{}&#8221; custom_days_label_text=&#8221;Dagar&#8221; custom_hours_label_text=&#8221;Timmar&#8221; custom_minutes_label_text=&#8221;Minuter&#8221; custom_seconds_label_text=&#8221;Sekunder&#8221;][et_pb_text _builder_version=&#8221;4.27.4&#8243; _module_preset=&#8221;default&#8221; min_height=&#8221;211.2px&#8221; custom_margin=&#8221;||13px|||&#8221; global_colors_info=&#8221;{}&#8221; custom_days_label_text=&#8221;Dagar&#8221; custom_hours_label_text=&#8221;Timmar&#8221; custom_minutes_label_text=&#8221;Minuter&#8221; custom_seconds_label_text=&#8221;Sekunder&#8221;]<\/p>\n<h3>Caf\u00e9 Conversation Piece<\/h3>\n<p>Behind Formex\u2019s unusual caf\u00e9 concept Caf\u00e9 Conversation Piece in Hall A, was the creative trio IMMA \u2013 focused on sustainability and an important collaboration. Using, among other things, leftover materials from other trade fairs at Stockholmsm\u00e4ssan, IMMA created one of Formex\u2019s two large restaurant areas with a focus on the important conversation about sustainability. In addition, the group developed the Sustainability Stand exhibition, a new concept that will be a recurring feature alongside the Sustainability Award exhibitor competition.  <\/p>\n<p>[\/et_pb_text][et_pb_button button_url=&#8221;@ET-DC@eyJkeW5hbWljIjp0cnVlLCJjb250ZW50IjoicG9zdF9saW5rX3VybF9wYWdlIiwic2V0dGluZ3MiOnsicG9zdF9pZCI6IjMzMjcyMzkiLCJlbmFibGVfaHRtbCI6Im9mZiJ9fQ==@&#8221; button_text=&#8221;Read more&#8221; button_alignment=&#8221;left&#8221; _builder_version=&#8221;4.27.4&#8243; _dynamic_attributes=&#8221;button_url&#8221; _module_preset=&#8221;default&#8221; global_colors_info=&#8221;{}&#8221; custom_days_label_text=&#8221;Dagar&#8221; custom_hours_label_text=&#8221;Timmar&#8221; custom_minutes_label_text=&#8221;Minuter&#8221; custom_seconds_label_text=&#8221;Sekunder&#8221;][\/et_pb_button][\/et_pb_column][et_pb_column type=&#8221;1_2&#8243; _builder_version=&#8221;4.27.4&#8243; _module_preset=&#8221;default&#8221; global_colors_info=&#8221;{}&#8221; custom_days_label_text=&#8221;Dagar&#8221; custom_hours_label_text=&#8221;Timmar&#8221; custom_minutes_label_text=&#8221;Minuter&#8221; custom_seconds_label_text=&#8221;Sekunder&#8221;][et_pb_image src=&#8221;https:\/\/formex.se\/wp-content\/uploads\/2025\/01\/imma-3_1080x540.png&#8221; title_text=&#8221;imma-3_1080x540&#8243; _builder_version=&#8221;4.27.4&#8243; _module_preset=&#8221;default&#8221; global_colors_info=&#8221;{}&#8221; custom_days_label_text=&#8221;Dagar&#8221; custom_hours_label_text=&#8221;Timmar&#8221; custom_minutes_label_text=&#8221;Minuter&#8221; custom_seconds_label_text=&#8221;Sekunder&#8221;][\/et_pb_image][\/et_pb_column][\/et_pb_row][et_pb_row column_structure=&#8221;1_2,1_2&#8243; gutter_width=&#8221;3&#8243; make_equal=&#8221;on&#8221; module_class=&#8221;image-text&#8221; _builder_version=&#8221;4.27.4&#8243; _module_preset=&#8221;default&#8221; custom_days_label_text=&#8221;Dagar&#8221; custom_hours_label_text=&#8221;Timmar&#8221; custom_minutes_label_text=&#8221;Minuter&#8221; custom_seconds_label_text=&#8221;Sekunder&#8221;][et_pb_column type=&#8221;1_2&#8243; _builder_version=&#8221;4.27.4&#8243; _module_preset=&#8221;default&#8221; global_colors_info=&#8221;{}&#8221; custom_days_label_text=&#8221;Dagar&#8221; custom_hours_label_text=&#8221;Timmar&#8221; custom_minutes_label_text=&#8221;Minuter&#8221; custom_seconds_label_text=&#8221;Sekunder&#8221;][et_pb_image src=&#8221;https:\/\/formex.se\/wp-content\/uploads\/2025\/01\/karlfredrik_1080x540.png&#8221; title_text=&#8221;karlfredrik_1080x540&#8243; _builder_version=&#8221;4.27.4&#8243; _module_preset=&#8221;default&#8221; global_colors_info=&#8221;{}&#8221; custom_days_label_text=&#8221;Dagar&#8221; custom_hours_label_text=&#8221;Timmar&#8221; custom_minutes_label_text=&#8221;Minuter&#8221; custom_seconds_label_text=&#8221;Sekunder&#8221;][\/et_pb_image][\/et_pb_column][et_pb_column type=&#8221;1_2&#8243; _builder_version=&#8221;4.27.4&#8243; _module_preset=&#8221;default&#8221; global_colors_info=&#8221;{}&#8221; custom_days_label_text=&#8221;Dagar&#8221; custom_hours_label_text=&#8221;Timmar&#8221; custom_minutes_label_text=&#8221;Minuter&#8221; custom_seconds_label_text=&#8221;Sekunder&#8221;][et_pb_text _builder_version=&#8221;4.27.4&#8243; _module_preset=&#8221;default&#8221; global_colors_info=&#8221;{}&#8221; custom_days_label_text=&#8221;Dagar&#8221; custom_hours_label_text=&#8221;Timmar&#8221; custom_minutes_label_text=&#8221;Minuter&#8221; custom_seconds_label_text=&#8221;Sekunder&#8221;]<\/p>\n<h3>Formex Fiori Trattorita et caffe di Karl Fredrik<\/h3>\n<p>In Hall B, Karl Fredrik created a floral experience with his popular sense of style \u201cFormex Fiori Trattoria et caffe di Karl Fredrik\u201d. \u00d6sterlen meets Italy and we enjoyed a buffet with everything from Foccacia with wild garlic and Insalata caprese \u00e1 la \u00d6sterlen to Italian meatballs with \u00d6sterlen apples. <\/p>\n<p>[\/et_pb_text][\/et_pb_column][\/et_pb_row][et_pb_row column_structure=&#8221;1_2,1_2&#8243; gutter_width=&#8221;3&#8243; make_equal=&#8221;on&#8221; module_class=&#8221;image-text&#8221; _builder_version=&#8221;4.27.4&#8243; _module_preset=&#8221;default&#8221; custom_days_label_text=&#8221;Dagar&#8221; custom_hours_label_text=&#8221;Timmar&#8221; custom_minutes_label_text=&#8221;Minuter&#8221; custom_seconds_label_text=&#8221;Sekunder&#8221;][et_pb_column type=&#8221;1_2&#8243; _builder_version=&#8221;4.27.4&#8243; _module_preset=&#8221;default&#8221; global_colors_info=&#8221;{}&#8221; custom_days_label_text=&#8221;Dagar&#8221; custom_hours_label_text=&#8221;Timmar&#8221; custom_minutes_label_text=&#8221;Minuter&#8221; custom_seconds_label_text=&#8221;Sekunder&#8221;][et_pb_text _builder_version=&#8221;4.27.4&#8243; _module_preset=&#8221;default&#8221; global_colors_info=&#8221;{}&#8221; custom_days_label_text=&#8221;Dagar&#8221; custom_hours_label_text=&#8221;Timmar&#8221; custom_minutes_label_text=&#8221;Minuter&#8221; custom_seconds_label_text=&#8221;Sekunder&#8221;]<\/p>\n<h3>Hilke x SKRUF<\/h3>\n<p>The stylish Hilke Collection makes its entrance with a colorful stand filled with creativity and inspiration. This year, Hilke celebrates its 10th anniversary and launches several exciting new products for 2025. Among the highlights is an exclusive collection of mouth-blown glass, designed by Hilke in collaboration with SKRUF and glass master Magnus Carlsson, known for his iconic works such as the Kristallen Prize. In addition, Hilke has once again teamed up with furniture company Mogi Home and panel experts Wood Up to create a fair environment that truly inspires. A unique meeting between Swedish design and masterful craftsmanship.    <\/p>\n<p>[\/et_pb_text][\/et_pb_column][et_pb_column type=&#8221;1_2&#8243; _builder_version=&#8221;4.23.4&#8243; _module_preset=&#8221;default&#8221; global_colors_info=&#8221;{}&#8221; custom_days_label_text=&#8221;Dagar&#8221; custom_hours_label_text=&#8221;Timmar&#8221; custom_minutes_label_text=&#8221;Minuter&#8221; custom_seconds_label_text=&#8221;Sekunder&#8221;][et_pb_image src=&#8221;https:\/\/formex.se\/wp-content\/uploads\/2025\/01\/hilke_1080x540.png&#8221; title_text=&#8221;hilke_1080x540&#8243; _builder_version=&#8221;4.27.4&#8243; _module_preset=&#8221;default&#8221; global_colors_info=&#8221;{}&#8221; custom_days_label_text=&#8221;Dagar&#8221; custom_hours_label_text=&#8221;Timmar&#8221; custom_minutes_label_text=&#8221;Minuter&#8221; custom_seconds_label_text=&#8221;Sekunder&#8221;][\/et_pb_image][\/et_pb_column][\/et_pb_row][\/et_pb_section]<\/p>\n","protected":false},"excerpt":{"rendered":"<p>Strong new partnerships \u2013 four good examples &nbsp;Finding innovative, creative and profitable collaborations is something that we at Formex are constantly working on. Below you can take a look at [&hellip;]<\/p>\n","protected":false},"author":19,"featured_media":0,"parent":3315660,"menu_order":0,"comment_status":"closed","ping_status":"closed","template":"","meta":{"_et_pb_use_builder":"on","_et_pb_old_content":"","_et_gb_content_width":"","footnotes":""},"hf_cat_page":[],"class_list":["post-3328072","page","type-page","status-publish","hentry"],"_links":{"self":[{"href":"https:\/\/formex.se\/en\/wp-json\/wp\/v2\/pages\/3328072","targetHints":{"allow":["GET"]}}],"collection":[{"href":"https:\/\/formex.se\/en\/wp-json\/wp\/v2\/pages"}],"about":[{"href":"https:\/\/formex.se\/en\/wp-json\/wp\/v2\/types\/page"}],"author":[{"embeddable":true,"href":"https:\/\/formex.se\/en\/wp-json\/wp\/v2\/users\/19"}],"replies":[{"embeddable":true,"href":"https:\/\/formex.se\/en\/wp-json\/wp\/v2\/comments?post=3328072"}],"version-history":[{"count":5,"href":"https:\/\/formex.se\/en\/wp-json\/wp\/v2\/pages\/3328072\/revisions"}],"predecessor-version":[{"id":3336501,"href":"https:\/\/formex.se\/en\/wp-json\/wp\/v2\/pages\/3328072\/revisions\/3336501"}],"up":[{"embeddable":true,"href":"https:\/\/formex.se\/en\/wp-json\/wp\/v2\/pages\/3315660"}],"wp:attachment":[{"href":"https:\/\/formex.se\/en\/wp-json\/wp\/v2\/media?parent=3328072"}],"wp:term":[{"taxonomy":"hf_cat_page","embeddable":true,"href":"https:\/\/formex.se\/en\/wp-json\/wp\/v2\/hf_cat_page?post=3328072"}],"curies":[{"name":"wp","href":"https:\/\/api.w.org\/{rel}","templated":true}]}}