{"id":3315765,"date":"2024-03-19T11:19:43","date_gmt":"2024-03-19T10:19:43","guid":{"rendered":"https:\/\/dev.formex.se\/for-visitors\/inspiration\/tekla-severin\/"},"modified":"2026-02-17T16:30:41","modified_gmt":"2026-02-17T15:30:41","slug":"tekla-severin","status":"publish","type":"page","link":"https:\/\/formex.se\/en\/for-visitors\/inspiration\/tekla-severin\/","title":{"rendered":"Tekla Severin"},"content":{"rendered":"<p>[et_pb_section fb_built=&#8221;1&#8243; _builder_version=&#8221;4.27.4&#8243; _module_preset=&#8221;dcffbe7c-d829-4b92-9e28-730b66b1c6df&#8221; background_enable_color=&#8221;off&#8221; use_background_color_gradient=&#8221;on&#8221; background_color_gradient_stops=&#8221;rgba(0,0,0,0) 30%|rgba(0,0,0,0.9) 100%&#8221; background_color_gradient_overlays_image=&#8221;on&#8221; background_image=&#8221;https:\/\/formex.se\/wp-content\/uploads\/2025\/04\/tekla_1920x850.png&#8221; global_colors_info=&#8221;{}&#8221;][et_pb_row column_structure=&#8221;1_2,1_2&#8243; _builder_version=&#8221;4.24.2&#8243; _module_preset=&#8221;b47dc7b0-0c21-48f4-9be5-365125495c37&#8243; locked=&#8221;off&#8221; global_colors_info=&#8221;{}&#8221;][et_pb_column type=&#8221;1_2&#8243; _builder_version=&#8221;4.24.0&#8243; _module_preset=&#8221;default&#8221; global_colors_info=&#8221;{}&#8221;][et_pb_cta title=&#8221;Dimensions of Colour&#8221; button_url=&#8221;#&#8221; _builder_version=&#8221;4.24.2&#8243; _module_preset=&#8221;0d7ddc9b-5fad-41ce-bbc3-1fa8c8b01c36&#8243; global_colors_info=&#8221;{%22gcid-m0fraqv3-qztm-9290-df11-7p07yu2mtcg6%22:%91%22header_text_color%22,%22button_bg_color%22,%22button_border_color%22,%22button_text_color%22,%22header_text_color%22,%22button_bg_color%22,%22button_border_color%22,%22button_text_color%22,%22header_text_color%22,%22button_bg_color%22,%22button_border_color%22,%22button_text_color%22,%22header_text_color%22,%22button_bg_color%22,%22button_border_color%22,%22button_text_color%22,%22header_text_color%22,%22button_bg_color%22,%22button_text_color%22,%22header_text_color%22,%22button_bg_color%22,%22button_text_color%22,%22header_text_color%22,%22button_bg_color%22,%22button_text_color%22,%22header_text_color%22,%22button_bg_color%22,%22button_text_color%22,%22header_text_color%22,%22button_bg_color%22,%22button_text_color%22,%22header_text_color%22,%22button_bg_color%22,%22button_text_color%22,%22button_bg_color%22,%22button_text_color%22%93,%22gcid-8ctl9olw-qzl0-39sh-h9m4-2r68cuzkve1q%22:%91%22button_bg_color%22,%22button_border_color%22,%22button_bg_color%22,%22button_border_color%22,%22button_bg_color%22,%22button_border_color%22,%22button_bg_color%22,%22button_border_color%22%93,%22gcid-zqmeyyr1-ozjs-tdol-t9th-kdmdqxufunhr%22:%91%22button_border_color%22,%22button_bg_color%22,%22button_border_color%22,%22button_bg_color%22,%22button_border_color%22,%22button_bg_color%22,%22button_border_color%22,%22button_bg_color%22,%22button_bg_color%22%93,%22gcid-xe7ua1bg-8o1q-uq3m-f8ql-qk12tgltkuk4%22:%91%22button_border_color__hover%22,%22button_bg_color__hover%22%93}&#8221;][\/et_pb_cta][\/et_pb_column][et_pb_column type=&#8221;1_2&#8243; _builder_version=&#8221;4.27.4&#8243; _module_preset=&#8221;default&#8221; global_colors_info=&#8221;{}&#8221;][\/et_pb_column][\/et_pb_row][\/et_pb_section][et_pb_section fb_built=&#8221;1&#8243; admin_label=&#8221;Puffar 1\/2 + 1\/4 + 1\/4&#8243; _builder_version=&#8221;4.27.4&#8243; _module_preset=&#8221;default&#8221; background_color=&#8221;#F9E4CC&#8221; width=&#8221;100%&#8221; custom_padding=&#8221;50px||||false|false&#8221; custom_padding_tablet=&#8221;60px||100px||false|false&#8221; locked=&#8221;off&#8221; global_colors_info=&#8221;{%22gcid-zqmeyyr1-ozjs-tdol-t9th-kdmdqxufunhr%22:%91%22border_color_right%22,%22border_color_right%22,%22border_color_right%22%93}&#8221;][et_pb_row column_structure=&#8221;1_2,1_2&#8243; custom_padding_last_edited=&#8221;on|phone&#8221; _builder_version=&#8221;4.27.4&#8243; _module_preset=&#8221;default&#8221; custom_margin=&#8221;||||false|false&#8221; custom_padding_tablet=&#8221;20px||||false|false&#8221; custom_padding_phone=&#8221;20px||||false|false&#8221; locked=&#8221;off&#8221;][et_pb_column type=&#8221;1_2&#8243; _builder_version=&#8221;4.23.4&#8243; _module_preset=&#8221;default&#8221; global_colors_info=&#8221;{}&#8221;][et_pb_text _builder_version=&#8221;4.27.4&#8243; _module_preset=&#8221;91303309-ab2a-47f7-86a2-bf644d336a61&#8243; max_width=&#8221;852px&#8221; custom_margin=&#8221;|10px|0px||false|false&#8221; global_colors_info=&#8221;{}&#8221;]<\/p>\n<h2>The master of colors behind the main exhibition in January 2023<\/h2>\n<p>[\/et_pb_text][et_pb_divider _builder_version=&#8221;4.24.3&#8243; _module_preset=&#8221;default&#8221; global_colors_info=&#8221;{%22gcid-zqmeyyr1-ozjs-tdol-t9th-kdmdqxufunhr%22:%91%22color%22%93}&#8221;][\/et_pb_divider][et_pb_text _builder_version=&#8221;4.27.4&#8243; _module_preset=&#8221;default&#8221; max_width=&#8221;841px&#8221; global_colors_info=&#8221;{}&#8221;]<\/p>\n<p><strong>With her unique sense of color, form and visual storytelling, Tekla Evelina Severin &#8211; recently named Interior Designer of the Year by Elle &#8211; takes her place as the creator behind Formex&#8217;s main exhibition in January 2023. She is also behind this year&#8217;s campaign images and thus puts her colorful stamp on the entire fair experience. Internationally acclaimed and evergreen, Tekla invites you into a world where every shade matters.  <\/strong><\/p>\n<p>[\/et_pb_text][et_pb_text _builder_version=&#8221;4.27.4&#8243; _module_preset=&#8221;default&#8221; global_colors_info=&#8221;{}&#8221;]<\/p>\n<p>The exhibition &#8220;Dimensions of Colour&#8221;, a playful and architectural color experience that through many layers of spatialities, shapes and patterns. &#8220;A kind of labyrinth of discovery&#8221; says Tekla herself.<\/p>\n<p>[\/et_pb_text][\/et_pb_column][et_pb_column type=&#8221;1_2&#8243; _builder_version=&#8221;4.23.4&#8243; _module_preset=&#8221;default&#8221; global_colors_info=&#8221;{}&#8221;][et_pb_image src=&#8221;https:\/\/formex.se\/wp-content\/uploads\/2025\/04\/tekla-1080&#215;540-7.png&#8221; title_text=&#8221;tekla-1080&#215;540-7&#8243; _builder_version=&#8221;4.27.4&#8243; _module_preset=&#8221;default&#8221; global_colors_info=&#8221;{}&#8221;][\/et_pb_image][\/et_pb_column][\/et_pb_row][et_pb_row column_structure=&#8221;1_2,1_2&#8243; gutter_width=&#8221;3&#8243; make_equal=&#8221;on&#8221; module_class=&#8221;image-text&#8221; _builder_version=&#8221;4.27.4&#8243; _module_preset=&#8221;default&#8221; global_colors_info=&#8221;{}&#8221;][et_pb_column type=&#8221;1_2&#8243; _builder_version=&#8221;4.23.4&#8243; _module_preset=&#8221;default&#8221; global_colors_info=&#8221;{}&#8221;][et_pb_image src=&#8221;https:\/\/formex.se\/wp-content\/uploads\/2025\/04\/tekla-1080&#215;540-2.png&#8221; title_text=&#8221;tekla-1080&#215;540-2&#8243; _builder_version=&#8221;4.27.4&#8243; _module_preset=&#8221;default&#8221; global_colors_info=&#8221;{}&#8221;][\/et_pb_image][\/et_pb_column][et_pb_column type=&#8221;1_2&#8243; _builder_version=&#8221;4.23.4&#8243; _module_preset=&#8221;default&#8221; global_colors_info=&#8221;{}&#8221;][et_pb_cta button_url=&#8221;#&#8221; _builder_version=&#8221;4.24.2&#8243; _module_preset=&#8221;_initial&#8221; global_colors_info=&#8221;{%22gcid-m0fraqv3-qztm-9290-df11-7p07yu2mtcg6%22:%91%22button_text_color%22,%22header_text_color%22,%22body_text_color%22%93,%22gcid-8ctl9olw-qzl0-39sh-h9m4-2r68cuzkve1q%22:%91%22button_border_color%22,%22button_border_color__hover%22%93,%22gcid-zqmeyyr1-ozjs-tdol-t9th-kdmdqxufunhr%22:%91%22button_border_color%22,%22button_bg_color%22%93,%22gcid-xe7ua1bg-8o1q-uq3m-f8ql-qk12tgltkuk4%22:%91%22button_border_color__hover%22,%22button_bg_color__hover%22,%22button_border_color__hover%22,%22button_bg_color__hover%22%93}&#8221; button_bg_color__hover_enabled=&#8221;on|desktop&#8221; button_bg_color__hover=&#8221;#659c82&#8243;]<\/p>\n<p>&#8211; We are extremely happy with our cooperation with Tekla. As the Formex theme for January is &#8220;Color Vibes&#8221;, Tekla was a perfect choice of creator for the exhibition. It will be exciting to see how she incorporates news from Formex exhibitors,&#8221; says Kajsa Falck Torleg\u00e5rd, former creative project manager at Formex.<\/p>\n<p>Tekla&#8217;s signature is her innovative, and unexpected color compositions that create emotions and inspiration. She has a background in art and is a trained interior architect and furniture designer. Today she works multidisciplinary with and between interior design, set design, creative direction and photography, but always with color as a common ground.<\/p>\n<p>[\/et_pb_cta][\/et_pb_column][\/et_pb_row][et_pb_row column_structure=&#8221;1_2,1_2&#8243; gutter_width=&#8221;3&#8243; make_equal=&#8221;on&#8221; custom_padding_last_edited=&#8221;on|phone&#8221; module_class=&#8221;reverse-mobile image-text&#8221; _builder_version=&#8221;4.24.2&#8243; _module_preset=&#8221;default&#8221; custom_padding_tablet=&#8221;0px||||false|false&#8221; custom_padding_phone=&#8221;0px||||false|false&#8221; global_colors_info=&#8221;{}&#8221;][et_pb_column type=&#8221;1_2&#8243; _builder_version=&#8221;4.23.4&#8243; _module_preset=&#8221;default&#8221; global_colors_info=&#8221;{}&#8221;][et_pb_cta button_url=&#8221;#&#8221; module_class=&#8221;image-text&#8221; _builder_version=&#8221;4.24.2&#8243; _module_preset=&#8221;default&#8221; locked=&#8221;off&#8221; global_colors_info=&#8221;{%22gcid-zqmeyyr1-ozjs-tdol-t9th-kdmdqxufunhr%22:%91%22button_bg_color%22,%22button_border_color%22%93,%22gcid-8ctl9olw-qzl0-39sh-h9m4-2r68cuzkve1q%22:%91%22button_bg_color%22,%22button_border_color__hover%22%93,%22gcid-xe7ua1bg-8o1q-uq3m-f8ql-qk12tgltkuk4%22:%91%22button_border_color__hover%22,%22button_bg_color__hover%22%93,%22gcid-m0fraqv3-qztm-9290-df11-7p07yu2mtcg6%22:%91%22button_text_color%22,%22button_text_color%22%93}&#8221;]<\/p>\n<p>Her broad and at the same time specific way of working with color is reflected in the breadth and variety of the different companies she has worked with, some examples are; Danish Montana Furniture, Louis Poulsen, and Stilleben Architects, Norwegian Heymat, Swedish Fj\u00e4llr\u00e4ven, NCS F\u00e4rginstitut, SL, Ikea, Apoteket and Ogeborg, American Apple, Spanish furniture company Sancal, Italian kitchen company Very Simple Kitchen, (for which she was also awarded the Kitchen Designer of the Year 2022 by the international ELLE DECO jury), to name a few.<\/p>\n<p>[\/et_pb_cta][\/et_pb_column][et_pb_column type=&#8221;1_2&#8243; _builder_version=&#8221;4.23.4&#8243; _module_preset=&#8221;default&#8221; global_colors_info=&#8221;{}&#8221;][et_pb_image src=&#8221;https:\/\/formex.se\/wp-content\/uploads\/2025\/04\/tekla-1080&#215;540-1.png&#8221; title_text=&#8221;tekla-1080&#215;540-1&#8243; _builder_version=&#8221;4.27.4&#8243; _module_preset=&#8221;2ce263a2-60b5-487d-98c5-54277b4732b6&#8243; global_colors_info=&#8221;{}&#8221;][\/et_pb_image][\/et_pb_column][\/et_pb_row][et_pb_row column_structure=&#8221;1_2,1_2&#8243; gutter_width=&#8221;3&#8243; make_equal=&#8221;on&#8221; module_class=&#8221;image-text&#8221; _builder_version=&#8221;4.27.4&#8243; _module_preset=&#8221;default&#8221; global_colors_info=&#8221;{}&#8221;][et_pb_column type=&#8221;1_2&#8243; _builder_version=&#8221;4.23.4&#8243; _module_preset=&#8221;default&#8221; global_colors_info=&#8221;{}&#8221;][et_pb_image src=&#8221;https:\/\/formex.se\/wp-content\/uploads\/2025\/04\/tekla-1080&#215;540-3.png&#8221; title_text=&#8221;tekla-1080&#215;540-3&#8243; _builder_version=&#8221;4.27.4&#8243; _module_preset=&#8221;default&#8221; global_colors_info=&#8221;{}&#8221;][\/et_pb_image][\/et_pb_column][et_pb_column type=&#8221;1_2&#8243; _builder_version=&#8221;4.23.4&#8243; _module_preset=&#8221;default&#8221; global_colors_info=&#8221;{}&#8221;][et_pb_cta button_url=&#8221;#&#8221; _builder_version=&#8221;4.27.4&#8243; _module_preset=&#8221;_initial&#8221; global_colors_info=&#8221;{%22gcid-m0fraqv3-qztm-9290-df11-7p07yu2mtcg6%22:%91%22button_text_color%22,%22header_text_color%22,%22body_text_color%22%93,%22gcid-8ctl9olw-qzl0-39sh-h9m4-2r68cuzkve1q%22:%91%22button_border_color%22,%22button_border_color__hover%22%93,%22gcid-zqmeyyr1-ozjs-tdol-t9th-kdmdqxufunhr%22:%91%22button_border_color%22,%22button_bg_color%22%93,%22gcid-xe7ua1bg-8o1q-uq3m-f8ql-qk12tgltkuk4%22:%91%22button_border_color__hover%22,%22button_bg_color__hover%22,%22button_border_color__hover%22,%22button_bg_color__hover%22%93}&#8221; button_bg_color__hover_enabled=&#8221;on|desktop&#8221; button_bg_color__hover=&#8221;#659c82&#8243;]<\/p>\n<p>&#8211; Color is never absolute, always relative, and so powerful yet so fleeting and changeable. It is what surrounds a color that defines it. And this is what I find so interesting to explore. Working with combinations of camouflage or contrast, or the balance in between. As here in &#8220;Dimension of Colour&#8221; where the exhibition form with its color elements both frames and highlights and at the same time interacts with the objects. An experience with many unexpected dimensions and much to discover was the vision behind the exhibition format itself,&#8221; says Tekla Severin.<\/p>\n<p>More about Tekla Severin:<br \/><a href=\"http:\/\/www.teklaevelinaseverin.com\" target=\"_blank\" rel=\"noopener\">www.teklaevelinaseverin.com<\/a><br \/><a href=\"https:\/\/www.instagram.com\/teklan\/\" target=\"_blank\" rel=\"noopener\">https:\/\/www.instagram.com\/teklan\/<\/a><\/p>\n<p>[\/et_pb_cta][\/et_pb_column][\/et_pb_row][\/et_pb_section][et_pb_section fb_built=&#8221;1&#8243; _builder_version=&#8221;4.27.4&#8243; _module_preset=&#8221;default&#8221; background_color=&#8221;RGBA(255,255,255,0)&#8221; global_colors_info=&#8221;{%22gcid-zqmeyyr1-ozjs-tdol-t9th-kdmdqxufunhr%22:%91%22border_color_right%22,%22border_color_right%22,%22border_color_right%22%93}&#8221;][et_pb_row column_structure=&#8221;1_2,1_2&#8243; _builder_version=&#8221;4.27.4&#8243; _module_preset=&#8221;default&#8221; global_colors_info=&#8221;{}&#8221;][et_pb_column type=&#8221;1_2&#8243; _builder_version=&#8221;4.27.4&#8243; _module_preset=&#8221;default&#8221; global_colors_info=&#8221;{}&#8221;][et_pb_text _builder_version=&#8221;4.27.4&#8243; _module_preset=&#8221;d2de1bb5-7871-475a-a7ce-cf892236863b&#8221; header_3_font_size=&#8221;35px&#8221; global_colors_info=&#8221;{}&#8221;]<\/p>\n<h3>Bolon x Tekla<\/h3>\n<p>[\/et_pb_text][et_pb_video src=&#8221;https:\/\/www.youtube.com\/watch?v=fCbItIXLfpc&#8221; _builder_version=&#8221;4.27.4&#8243; _module_preset=&#8221;default&#8221; global_colors_info=&#8221;{}&#8221;][\/et_pb_video][\/et_pb_column][et_pb_column type=&#8221;1_2&#8243; _builder_version=&#8221;4.27.4&#8243; _module_preset=&#8221;default&#8221; global_colors_info=&#8221;{}&#8221;][\/et_pb_column][\/et_pb_row][\/et_pb_section][et_pb_section fb_built=&#8221;1&#8243; _builder_version=&#8221;4.27.4&#8243; _module_preset=&#8221;6d986430-8254-410d-9421-a6022320eab5&#8243; background_color=&#8221;#F9E4CC&#8221; global_colors_info=&#8221;{}&#8221;][et_pb_row _builder_version=&#8221;4.24.2&#8243; _module_preset=&#8221;default&#8221;][et_pb_column type=&#8221;4_4&#8243; _builder_version=&#8221;4.24.2&#8243; _module_preset=&#8221;default&#8221; global_colors_info=&#8221;{}&#8221;][et_pb_text _builder_version=&#8221;4.27.4&#8243; _module_preset=&#8221;default&#8221; header_3_font_size=&#8221;35px&#8221; global_colors_info=&#8221;{}&#8221;]<\/p>\n<h3>More inspiration<\/h3>\n<p>[\/et_pb_text][\/et_pb_column][\/et_pb_row][et_pb_row column_structure=&#8221;1_3,1_3,1_3&#8243; _builder_version=&#8221;4.27.4&#8243; _module_preset=&#8221;f9b766ed-ceef-4cd8-958d-5caeab6123e6&#8243; hover_enabled=&#8221;0&#8243; sticky_enabled=&#8221;0&#8243;][et_pb_column type=&#8221;1_3&#8243; _builder_version=&#8221;4.27.4&#8243; _module_preset=&#8221;default&#8221; hover_enabled=&#8221;0&#8243; global_colors_info=&#8221;{}&#8221; sticky_enabled=&#8221;0&#8243;][et_pb_image src=&#8221;https:\/\/formex.se\/wp-content\/uploads\/2024\/03\/Dennis-Valencia_700x350.jpg&#8221; title_text=&#8221;Dennis Valencia_700x350&#8243; force_fullwidth=&#8221;on&#8221; module_class=&#8221;puff-image&#8221; _builder_version=&#8221;4.27.4&#8243; _module_preset=&#8221;default&#8221; hover_enabled=&#8221;0&#8243; global_colors_info=&#8221;{}&#8221; sticky_enabled=&#8221;0&#8243;][\/et_pb_image][et_pb_cta title=&#8221;Dennis Valencia&#8221; button_url=&#8221;@ET-DC@eyJkeW5hbWljIjp0cnVlLCJjb250ZW50IjoicG9zdF9saW5rX3VybF9wYWdlIiwic2V0dGluZ3MiOnsicG9zdF9pZCI6IjMzMTQ0MDUiLCJlbmFibGVfaHRtbCI6Im9mZiJ9fQ==@&#8221; button_text=&#8221;Explore Dennis&#8217; exhibition&#8221; _builder_version=&#8221;4.27.4&#8243; _dynamic_attributes=&#8221;button_url&#8221; _module_preset=&#8221;_initial&#8221; global_colors_info=&#8221;{%22gcid-zqmeyyr1-ozjs-tdol-t9th-kdmdqxufunhr%22:%91%22button_bg_color%22,%22button_border_color%22,%22button_bg_color%22,%22button_border_color%22,%22button_bg_color%22,%22button_border_color%22,%22button_bg_color%22,%22button_border_color%22,%22button_border_color%22%93,%22gcid-8ctl9olw-qzl0-39sh-h9m4-2r68cuzkve1q%22:%91%22button_bg_color%22,%22button_bg_color%22,%22button_bg_color%22,%22button_bg_color%22%93,%22gcid-xe7ua1bg-8o1q-uq3m-f8ql-qk12tgltkuk4%22:%91%22button_bg_color__hover%22%93,%22gcid-b1vezamf-03sf-crky-v342-jj7uc24ewnda%22:%91%22button_text_color%22%93,%22gcid-m0fraqv3-qztm-9290-df11-7p07yu2mtcg6%22:%91%22button_text_color__hover%22%93}&#8221;]<\/p>\n<p>&#8220;An exhibition with layers of eras living simultaneously and in harmony.&#8221;<\/p>\n<p>[\/et_pb_cta][\/et_pb_column][et_pb_column type=&#8221;1_3&#8243; _builder_version=&#8221;4.27.4&#8243; _module_preset=&#8221;default&#8221; global_colors_info=&#8221;{}&#8221;][et_pb_image src=&#8221;https:\/\/formex.se\/wp-content\/uploads\/2024\/03\/Lena-Nyholm_700x350.jpg&#8221; title_text=&#8221;Lena Nyholm_700x350&#8243; force_fullwidth=&#8221;on&#8221; module_class=&#8221;puff-image&#8221; _builder_version=&#8221;4.27.4&#8243; _module_preset=&#8221;default&#8221; global_colors_info=&#8221;{}&#8221;][\/et_pb_image][et_pb_cta title=&#8221;Lena Nyholm&#8221; button_url=&#8221;@ET-DC@eyJkeW5hbWljIjp0cnVlLCJjb250ZW50IjoicG9zdF9saW5rX3VybF9wYWdlIiwic2V0dGluZ3MiOnsicG9zdF9pZCI6IjMzMTQ0MzIiLCJlbmFibGVfaHRtbCI6Im9mZiJ9fQ==@&#8221; button_text=&#8221;Read about Lena&#8217;s exhibition&#8221; _builder_version=&#8221;4.27.4&#8243; _dynamic_attributes=&#8221;button_url&#8221; _module_preset=&#8221;default&#8221; global_colors_info=&#8221;{%22gcid-zqmeyyr1-ozjs-tdol-t9th-kdmdqxufunhr%22:%91%22button_bg_color%22,%22button_border_color%22,%22button_bg_color%22,%22button_border_color%22,%22button_bg_color%22,%22button_border_color%22,%22button_bg_color%22,%22button_border_color%22,%22button_border_color%22%93,%22gcid-8ctl9olw-qzl0-39sh-h9m4-2r68cuzkve1q%22:%91%22button_bg_color%22,%22button_bg_color%22,%22button_bg_color%22,%22button_bg_color%22%93,%22gcid-xe7ua1bg-8o1q-uq3m-f8ql-qk12tgltkuk4%22:%91%22button_bg_color__hover%22%93,%22gcid-b1vezamf-03sf-crky-v342-jj7uc24ewnda%22:%91%22button_text_color%22%93,%22gcid-m0fraqv3-qztm-9290-df11-7p07yu2mtcg6%22:%91%22button_text_color__hover%22%93}&#8221;]<\/p>\n<p>With three &#8216;rooms&#8217; in the 300 square meter entrance square, she created a magical meeting place.<\/p>\n<p>[\/et_pb_cta][\/et_pb_column][et_pb_column type=&#8221;1_3&#8243; _builder_version=&#8221;4.27.4&#8243; _module_preset=&#8221;default&#8221; global_colors_info=&#8221;{}&#8221;][et_pb_image src=&#8221;https:\/\/formex.se\/wp-content\/uploads\/2024\/03\/Zandra-Rhodes_700x350.jpg&#8221; title_text=&#8221;Zandra Rhodes_700x350&#8243; force_fullwidth=&#8221;on&#8221; module_class=&#8221;puff-image&#8221; _builder_version=&#8221;4.27.4&#8243; _module_preset=&#8221;default&#8221; global_colors_info=&#8221;{}&#8221;][\/et_pb_image][et_pb_cta title=&#8221;Zandra Rhodes&#8221; button_url=&#8221;@ET-DC@eyJkeW5hbWljIjp0cnVlLCJjb250ZW50IjoicG9zdF9saW5rX3VybF9wYWdlIiwic2V0dGluZ3MiOnsicG9zdF9pZCI6IjMzMTQxNjgiLCJlbmFibGVfaHRtbCI6Im9mZiJ9fQ==@&#8221; button_text=&#8221;See more about Zandra&#8217;s exhibition&#8221; _builder_version=&#8221;4.27.4&#8243; _dynamic_attributes=&#8221;button_url&#8221; _module_preset=&#8221;default&#8221; global_colors_info=&#8221;{%22gcid-zqmeyyr1-ozjs-tdol-t9th-kdmdqxufunhr%22:%91%22button_bg_color%22,%22button_border_color%22,%22button_bg_color%22,%22button_border_color%22,%22button_bg_color%22,%22button_border_color%22,%22button_bg_color%22,%22button_border_color%22,%22button_border_color%22%93,%22gcid-8ctl9olw-qzl0-39sh-h9m4-2r68cuzkve1q%22:%91%22button_bg_color%22,%22button_bg_color%22,%22button_bg_color%22,%22button_bg_color%22%93,%22gcid-xe7ua1bg-8o1q-uq3m-f8ql-qk12tgltkuk4%22:%91%22button_bg_color__hover%22%93,%22gcid-b1vezamf-03sf-crky-v342-jj7uc24ewnda%22:%91%22button_text_color%22%93,%22gcid-m0fraqv3-qztm-9290-df11-7p07yu2mtcg6%22:%91%22button_text_color__hover%22%93}&#8221;]<\/p>\n<p>Her colorful, flowing garments have adorned royalty and world-famous rock artists.<\/p>\n<p>[\/et_pb_cta][\/et_pb_column][\/et_pb_row][\/et_pb_section]<\/p>\n","protected":false},"excerpt":{"rendered":"<p>The master of colors behind the main exhibition in January 2023With her unique sense of color, form and visual storytelling, Tekla Evelina Severin &#8211; recently named Interior Designer of the [&hellip;]<\/p>\n","protected":false},"author":14,"featured_media":0,"parent":3315660,"menu_order":0,"comment_status":"closed","ping_status":"closed","template":"","meta":{"_et_pb_use_builder":"on","_et_pb_old_content":"","_et_gb_content_width":"","footnotes":""},"hf_cat_page":[],"class_list":["post-3315765","page","type-page","status-publish","hentry"],"_links":{"self":[{"href":"https:\/\/formex.se\/en\/wp-json\/wp\/v2\/pages\/3315765","targetHints":{"allow":["GET"]}}],"collection":[{"href":"https:\/\/formex.se\/en\/wp-json\/wp\/v2\/pages"}],"about":[{"href":"https:\/\/formex.se\/en\/wp-json\/wp\/v2\/types\/page"}],"author":[{"embeddable":true,"href":"https:\/\/formex.se\/en\/wp-json\/wp\/v2\/users\/14"}],"replies":[{"embeddable":true,"href":"https:\/\/formex.se\/en\/wp-json\/wp\/v2\/comments?post=3315765"}],"version-history":[{"count":11,"href":"https:\/\/formex.se\/en\/wp-json\/wp\/v2\/pages\/3315765\/revisions"}],"predecessor-version":[{"id":3332433,"href":"https:\/\/formex.se\/en\/wp-json\/wp\/v2\/pages\/3315765\/revisions\/3332433"}],"up":[{"embeddable":true,"href":"https:\/\/formex.se\/en\/wp-json\/wp\/v2\/pages\/3315660"}],"wp:attachment":[{"href":"https:\/\/formex.se\/en\/wp-json\/wp\/v2\/media?parent=3315765"}],"wp:term":[{"taxonomy":"hf_cat_page","embeddable":true,"href":"https:\/\/formex.se\/en\/wp-json\/wp\/v2\/hf_cat_page?post=3315765"}],"curies":[{"name":"wp","href":"https:\/\/api.w.org\/{rel}","templated":true}]}}